{"id":239,"date":"2019-11-20T18:42:04","date_gmt":"2019-11-20T18:42:04","guid":{"rendered":"http:\/\/localhost:8888\/houzez-single-condo\/?page_id=239"},"modified":"2025-09-22T20:24:21","modified_gmt":"2025-09-22T18:24:21","slug":"contacto","status":"publish","type":"page","link":"https:\/\/partunrealestate.es\/en\/contacto\/","title":{"rendered":"Contact"},"content":{"rendered":"<div data-elementor-type=\"wp-page\" data-elementor-id=\"239\" class=\"elementor elementor-239\" data-elementor-post-type=\"page\">\n\t\t\t\t\t\t<section class=\"elementor-section elementor-top-section elementor-element elementor-element-d8fda50 elementor-section-height-min-height elementor-section-boxed elementor-section-height-default elementor-section-items-middle\" data-id=\"d8fda50\" data-element_type=\"section\" data-e-type=\"section\" data-settings=\"{&quot;background_background&quot;:&quot;classic&quot;,&quot;animation&quot;:&quot;none&quot;}\">\n\t\t\t\t\t\t\t<div class=\"elementor-background-overlay\"><\/div>\n\t\t\t\t\t\t\t<div class=\"elementor-container elementor-column-gap-no\">\n\t\t\t\t\t<div class=\"elementor-column elementor-col-100 elementor-top-column elementor-element elementor-element-a227efc\" data-id=\"a227efc\" data-element_type=\"column\" data-e-type=\"column\">\n\t\t\t<div class=\"elementor-widget-wrap elementor-element-populated\">\n\t\t\t\t\t\t<div class=\"elementor-element elementor-element-09febae elementor-widget elementor-widget-spacer\" data-id=\"09febae\" data-element_type=\"widget\" data-e-type=\"widget\" data-widget_type=\"spacer.default\">\n\t\t\t\t<div class=\"elementor-widget-container\">\n\t\t\t\t\t\t\t<div class=\"elementor-spacer\">\n\t\t\t<div class=\"elementor-spacer-inner\"><\/div>\n\t\t<\/div>\n\t\t\t\t\t\t<\/div>\n\t\t\t\t<\/div>\n\t\t\t\t<section class=\"elementor-section elementor-inner-section elementor-element elementor-element-b33a1c3 elementor-section-boxed elementor-section-height-default elementor-section-height-default\" data-id=\"b33a1c3\" data-element_type=\"section\" data-e-type=\"section\">\n\t\t\t\t\t\t<div class=\"elementor-container elementor-column-gap-default\">\n\t\t\t\t\t<div class=\"elementor-column elementor-col-50 elementor-inner-column elementor-element elementor-element-5efdcfc\" data-id=\"5efdcfc\" data-element_type=\"column\" data-e-type=\"column\">\n\t\t\t<div class=\"elementor-widget-wrap elementor-element-populated\">\n\t\t\t\t\t\t<div class=\"elementor-element elementor-element-60351a2 animated-slow elementor-widget elementor-widget-heading\" data-id=\"60351a2\" data-element_type=\"widget\" data-e-type=\"widget\" data-settings=\"{&quot;_animation&quot;:&quot;none&quot;}\" data-widget_type=\"heading.default\">\n\t\t\t\t<div class=\"elementor-widget-container\">\n\t\t\t\t\t<h2 class=\"elementor-heading-title elementor-size-default\">Request for information<\/h2>\t\t\t\t<\/div>\n\t\t\t\t<\/div>\n\t\t\t\t<div class=\"elementor-element elementor-element-d07ef0a elementor-widget elementor-widget-heading\" data-id=\"d07ef0a\" data-element_type=\"widget\" data-e-type=\"widget\" data-widget_type=\"heading.default\">\n\t\t\t\t<div class=\"elementor-widget-container\">\n\t\t\t\t\t<h2 class=\"elementor-heading-title elementor-size-default\">Contact our team and we will help you to make your projects a reality.<\/h2>\t\t\t\t<\/div>\n\t\t\t\t<\/div>\n\t\t\t\t\t<\/div>\n\t\t<\/div>\n\t\t\t\t<div class=\"elementor-column elementor-col-50 elementor-inner-column elementor-element elementor-element-318f782\" data-id=\"318f782\" data-element_type=\"column\" data-e-type=\"column\">\n\t\t\t<div class=\"elementor-widget-wrap\">\n\t\t\t\t\t\t\t<\/div>\n\t\t<\/div>\n\t\t\t\t\t<\/div>\n\t\t<\/section>\n\t\t\t\t<section class=\"elementor-section elementor-inner-section elementor-element elementor-element-df74118 elementor-section-boxed elementor-section-height-default elementor-section-height-default\" data-id=\"df74118\" data-element_type=\"section\" data-e-type=\"section\">\n\t\t\t\t\t\t<div class=\"elementor-container elementor-column-gap-default\">\n\t\t\t\t\t<div class=\"elementor-column elementor-col-33 elementor-inner-column elementor-element elementor-element-dc36b9f\" data-id=\"dc36b9f\" data-element_type=\"column\" data-e-type=\"column\">\n\t\t\t<div class=\"elementor-widget-wrap elementor-element-populated\">\n\t\t\t\t\t\t<div class=\"elementor-element elementor-element-efcafca elementor-widget elementor-widget-spacer\" data-id=\"efcafca\" data-element_type=\"widget\" data-e-type=\"widget\" data-widget_type=\"spacer.default\">\n\t\t\t\t<div class=\"elementor-widget-container\">\n\t\t\t\t\t\t\t<div class=\"elementor-spacer\">\n\t\t\t<div class=\"elementor-spacer-inner\"><\/div>\n\t\t<\/div>\n\t\t\t\t\t\t<\/div>\n\t\t\t\t<\/div>\n\t\t\t\t\t<\/div>\n\t\t<\/div>\n\t\t\t\t<div class=\"elementor-column elementor-col-33 elementor-inner-column elementor-element elementor-element-a6d87f2\" data-id=\"a6d87f2\" data-element_type=\"column\" data-e-type=\"column\">\n\t\t\t<div class=\"elementor-widget-wrap\">\n\t\t\t\t\t\t\t<\/div>\n\t\t<\/div>\n\t\t\t\t<div class=\"elementor-column elementor-col-33 elementor-inner-column elementor-element elementor-element-9df515c\" data-id=\"9df515c\" data-element_type=\"column\" data-e-type=\"column\">\n\t\t\t<div class=\"elementor-widget-wrap elementor-element-populated\">\n\t\t\t\t\t\t<div class=\"elementor-element elementor-element-6231c4e elementor-widget elementor-widget-heading\" data-id=\"6231c4e\" data-element_type=\"widget\" data-e-type=\"widget\" data-widget_type=\"heading.default\">\n\t\t\t\t<div class=\"elementor-widget-container\">\n\t\t\t\t\t<div class=\"elementor-heading-title elementor-size-default\">Partun Real Estate<\/div>\t\t\t\t<\/div>\n\t\t\t\t<\/div>\n\t\t\t\t<div class=\"elementor-element elementor-element-28ee01b elementor-icon-list--layout-traditional elementor-list-item-link-full_width elementor-widget elementor-widget-icon-list\" data-id=\"28ee01b\" data-element_type=\"widget\" data-e-type=\"widget\" data-widget_type=\"icon-list.default\">\n\t\t\t\t<div class=\"elementor-widget-container\">\n\t\t\t\t\t\t\t<ul class=\"elementor-icon-list-items\">\n\t\t\t\t\t\t\t<li class=\"elementor-icon-list-item\">\n\t\t\t\t\t\t\t\t\t\t\t<span class=\"elementor-icon-list-icon\">\n\t\t\t\t\t\t\t<svg xmlns=\"http:\/\/www.w3.org\/2000\/svg\" xmlns:xlink=\"http:\/\/www.w3.org\/1999\/xlink\" id=\"Layer_1\" x=\"0px\" y=\"0px\" viewbox=\"0 0 24 24\" style=\"enable-background:new 0 0 24 24;\" xml:space=\"preserve\"><title>pin<\/title><g>\t<path d=\"M12,12.75c-2.481,0-4.5-2.019-4.5-4.5s2.019-4.5,4.5-4.5c2.481,0,4.5,2.019,4.5,4.5S14.481,12.75,12,12.75z M12,5.25   c-1.654,0-3,1.346-3,3s1.346,3,3,3c1.654,0,3-1.346,3-3S13.654,5.25,12,5.25z\"><\/path>\t<path d=\"M11.998,24.001c-0.294,0-0.58-0.087-0.827-0.25c-0.168-0.111-0.309-0.253-0.421-0.421   c-0.702-1.057-2.448-3.866-4.039-6.925C4.746,12.625,3.75,9.882,3.75,8.25C3.75,3.701,7.451,0,12,0s8.25,3.701,8.25,8.25   c0,1.631-0.996,4.375-2.961,8.155c-1.59,3.058-3.337,5.867-4.039,6.925c-0.221,0.334-0.56,0.562-0.952,0.641   C12.199,23.991,12.098,24.001,11.998,24.001z M12,1.5c-3.722,0-6.75,3.028-6.75,6.75c0,2.88,4.396,10.702,6.75,14.25   c2.354-3.548,6.75-11.371,6.75-14.25C18.75,4.529,15.722,1.5,12,1.5z\"><\/path><\/g><\/svg>\t\t\t\t\t\t<\/span>\n\t\t\t\t\t\t\t\t\t\t<span class=\"elementor-icon-list-text\">Ronda de los Em\u00e9ritos, 1 Local 1 <br> 06800 M\u00e9rida (Badajoz) <br> Spain<\/span>\n\t\t\t\t\t\t\t\t\t<\/li>\n\t\t\t\t\t\t<\/ul>\n\t\t\t\t\t\t<\/div>\n\t\t\t\t<\/div>\n\t\t\t\t<div class=\"elementor-element elementor-element-37efdb6 elementor-widget elementor-widget-heading\" data-id=\"37efdb6\" data-element_type=\"widget\" data-e-type=\"widget\" data-widget_type=\"heading.default\">\n\t\t\t\t<div class=\"elementor-widget-container\">\n\t\t\t\t\t<div class=\"elementor-heading-title elementor-size-default\">Phones<\/div>\t\t\t\t<\/div>\n\t\t\t\t<\/div>\n\t\t\t\t<div class=\"elementor-element elementor-element-927fc61 elementor-icon-list--layout-traditional elementor-list-item-link-full_width elementor-widget elementor-widget-icon-list\" data-id=\"927fc61\" data-element_type=\"widget\" data-e-type=\"widget\" data-widget_type=\"icon-list.default\">\n\t\t\t\t<div class=\"elementor-widget-container\">\n\t\t\t\t\t\t\t<ul class=\"elementor-icon-list-items\">\n\t\t\t\t\t\t\t<li class=\"elementor-icon-list-item\">\n\t\t\t\t\t\t\t\t\t\t\t<span class=\"elementor-icon-list-icon\">\n\t\t\t\t\t\t\t<svg xmlns=\"http:\/\/www.w3.org\/2000\/svg\" id=\"Outline_Version\" data-name=\"Outline Version\" viewbox=\"0 0 24 24\"><title>messaging-whatsapp<\/title><path d=\"M14.26,18.51l.43,0a4.23,4.23,0,0,0,3.87-2.17,2.11,2.11,0,0,0,.15-2.08h0a1.53,1.53,0,0,0-.73-.55l-.14-.07s-1.73-.85-2.09-1a1.2,1.2,0,0,0-1.54.43c-.17.25-.35.51-.48.68a8.27,8.27,0,0,1-3.57-3l.23-.21A1.52,1.52,0,0,0,10.8,10a1.26,1.26,0,0,0,0-1.19c-.06-.12-.3-.72-.54-1.28l-.35-.84a1.65,1.65,0,0,0-1.29-1,2.18,2.18,0,0,0-2,.58,5.14,5.14,0,0,0-1,5.67A11.19,11.19,0,0,0,14.26,18.51ZM7.74,7.36a.68.68,0,0,1,.45-.14h0a.64.64,0,0,1,.32.07l.35.84c.21.51.43,1,.54,1.28l0,0L9,9.8a1.14,1.14,0,0,0-.25,1.51,9.76,9.76,0,0,0,4.45,3.88,1.18,1.18,0,0,0,1.53-.25c.18-.21.45-.58.61-.82.33.14,1.26.59,1.84.88l.16.08.09,0a1.19,1.19,0,0,1-.17.5A2.81,2.81,0,0,1,14.37,17a9.67,9.67,0,0,1-7.31-5.55A3.63,3.63,0,0,1,7.74,7.36Z\"><\/path><path d=\"M.77,22.36a.75.75,0,0,0,.94,1L5.7,22A12,12,0,0,0,24,11.91a12,12,0,0,0-24,0,11.75,11.75,0,0,0,2.06,6.67Zm.72-10.45A10.5,10.5,0,1,1,12,22.32,10.5,10.5,0,0,1,6.22,20.6a.75.75,0,0,0-.64-.09l-2.91.92L3.6,18.7A.75.75,0,0,0,3.49,18,10.27,10.27,0,0,1,1.49,11.91Z\"><\/path><\/svg>\t\t\t\t\t\t<\/span>\n\t\t\t\t\t\t\t\t\t\t<span class=\"elementor-icon-list-text\">924 961 705<\/span>\n\t\t\t\t\t\t\t\t\t<\/li>\n\t\t\t\t\t\t<\/ul>\n\t\t\t\t\t\t<\/div>\n\t\t\t\t<\/div>\n\t\t\t\t\t<\/div>\n\t\t<\/div>\n\t\t\t\t\t<\/div>\n\t\t<\/section>\n\t\t\t\t<div class=\"elementor-element elementor-element-f244fac elementor-widget elementor-widget-spacer\" data-id=\"f244fac\" data-element_type=\"widget\" data-e-type=\"widget\" data-widget_type=\"spacer.default\">\n\t\t\t\t<div class=\"elementor-widget-container\">\n\t\t\t\t\t\t\t<div class=\"elementor-spacer\">\n\t\t\t<div class=\"elementor-spacer-inner\"><\/div>\n\t\t<\/div>\n\t\t\t\t\t\t<\/div>\n\t\t\t\t<\/div>\n\t\t\t\t\t<\/div>\n\t\t<\/div>\n\t\t\t\t\t<\/div>\n\t\t<\/section>\n\t\t<div class=\"elementor-element elementor-element-be08447 e-con-full e-flex e-con e-parent\" data-id=\"be08447\" data-element_type=\"container\" data-e-type=\"container\">\n\t\t\t\t<div class=\"elementor-element elementor-element-ca7135d elementor-widget elementor-widget-google_maps\" data-id=\"ca7135d\" data-element_type=\"widget\" data-e-type=\"widget\" data-widget_type=\"google_maps.default\">\n\t\t\t\t<div class=\"elementor-widget-container\">\n\t\t\t\t\t\t\t<div class=\"elementor-custom-embed\">\n\t\t\t<iframe loading=\"lazy\"\n\t\t\t\t\tsrc=\"https:\/\/maps.google.com\/maps?q=Ronda%20de%20los%20Em%C3%A9ritos%2C%201%20Local%201%20M%C3%A9rida%20Espa%C3%B1a&#038;t=m&#038;z=15&#038;output=embed&#038;iwloc=near\"\n\t\t\t\t\ttitle=\"Ronda de los Em\u00e9ritos, 1 Local 1 M\u00e9rida Spain\"\n\t\t\t\t\taria-label=\"Ronda de los Em\u00e9ritos, 1 Local 1 M\u00e9rida Spain\"\n\t\t\t><\/iframe>\n\t\t<\/div>\n\t\t\t\t\t\t<\/div>\n\t\t\t\t<\/div>\n\t\t\t\t<\/div>\n\t\t<div class=\"elementor-element elementor-element-43c2a30 e-flex e-con-boxed e-con e-parent\" data-id=\"43c2a30\" data-element_type=\"container\" data-e-type=\"container\" data-settings=\"{&quot;background_background&quot;:&quot;classic&quot;}\">\n\t\t\t\t\t<div class=\"e-con-inner\">\n\t\t\t\t<div class=\"elementor-element elementor-element-fa3a333 elementor-widget elementor-widget-spacer\" data-id=\"fa3a333\" data-element_type=\"widget\" data-e-type=\"widget\" data-widget_type=\"spacer.default\">\n\t\t\t\t<div class=\"elementor-widget-container\">\n\t\t\t\t\t\t\t<div class=\"elementor-spacer\">\n\t\t\t<div class=\"elementor-spacer-inner\"><\/div>\n\t\t<\/div>\n\t\t\t\t\t\t<\/div>\n\t\t\t\t<\/div>\n\t\t\t\t\t<\/div>\n\t\t\t\t<\/div>\n\t\t\t\t<\/div>","protected":false},"excerpt":{"rendered":"<p>Solicitar informaci\u00f3n Ponte en contacto con nuestro equipo y te ayudaremos a hacer realidad tus proyectos. Partun Real Estate pin Ronda de los Em\u00e9ritos, 1 Local 1 06800 M\u00e9rida (Badajoz) Espa\u00f1a Tel\u00e9fonos messaging-whatsapp 924 961 705<\/p>","protected":false},"author":1,"featured_media":0,"parent":0,"menu_order":0,"comment_status":"closed","ping_status":"closed","template":"elementor_header_footer","meta":{"footnotes":""},"class_list":["post-239","page","type-page","status-publish","hentry"],"_links":{"self":[{"href":"https:\/\/partunrealestate.es\/en\/wp-json\/wp\/v2\/pages\/239","targetHints":{"allow":["GET"]}}],"collection":[{"href":"https:\/\/partunrealestate.es\/en\/wp-json\/wp\/v2\/pages"}],"about":[{"href":"https:\/\/partunrealestate.es\/en\/wp-json\/wp\/v2\/types\/page"}],"author":[{"embeddable":true,"href":"https:\/\/partunrealestate.es\/en\/wp-json\/wp\/v2\/users\/1"}],"replies":[{"embeddable":true,"href":"https:\/\/partunrealestate.es\/en\/wp-json\/wp\/v2\/comments?post=239"}],"version-history":[{"count":71,"href":"https:\/\/partunrealestate.es\/en\/wp-json\/wp\/v2\/pages\/239\/revisions"}],"predecessor-version":[{"id":4471,"href":"https:\/\/partunrealestate.es\/en\/wp-json\/wp\/v2\/pages\/239\/revisions\/4471"}],"wp:attachment":[{"href":"https:\/\/partunrealestate.es\/en\/wp-json\/wp\/v2\/media?parent=239"}],"curies":[{"name":"wp","href":"https:\/\/api.w.org\/{rel}","templated":true}]}}