{"id":237,"date":"2019-11-20T18:41:44","date_gmt":"2019-11-20T18:41:44","guid":{"rendered":"http:\/\/localhost:8888\/houzez-single-condo\/?page_id=237"},"modified":"2024-10-02T14:06:00","modified_gmt":"2024-10-02T12:06:00","slug":"partun","status":"publish","type":"page","link":"https:\/\/partunrealestate.es\/en\/partun\/","title":{"rendered":"Partun"},"content":{"rendered":"<div data-elementor-type=\"wp-page\" data-elementor-id=\"237\" class=\"elementor elementor-237\" data-elementor-post-type=\"page\">\n\t\t\t\t\t\t<section class=\"elementor-section elementor-top-section elementor-element elementor-element-58bd95be elementor-section-height-min-height elementor-section-boxed elementor-section-height-default elementor-section-items-middle\" data-id=\"58bd95be\" data-element_type=\"section\" data-e-type=\"section\" data-settings=\"{&quot;background_background&quot;:&quot;classic&quot;}\">\n\t\t\t\t\t\t\t<div class=\"elementor-background-overlay\"><\/div>\n\t\t\t\t\t\t\t<div class=\"elementor-container elementor-column-gap-wider\">\n\t\t\t\t\t<div class=\"elementor-column elementor-col-100 elementor-top-column elementor-element elementor-element-628e493\" data-id=\"628e493\" data-element_type=\"column\" data-e-type=\"column\">\n\t\t\t<div class=\"elementor-widget-wrap elementor-element-populated\">\n\t\t\t\t\t\t<div class=\"elementor-element elementor-element-b144dce animated-slow elementor-invisible elementor-widget elementor-widget-heading\" data-id=\"b144dce\" data-element_type=\"widget\" data-e-type=\"widget\" data-settings=\"{&quot;_animation&quot;:&quot;fadeInUp&quot;}\" data-widget_type=\"heading.default\">\n\t\t\t\t<div class=\"elementor-widget-container\">\n\t\t\t\t\t<h1 class=\"elementor-heading-title elementor-size-default\">PARTUN<\/h1>\t\t\t\t<\/div>\n\t\t\t\t<\/div>\n\t\t\t\t<div class=\"elementor-element elementor-element-dfed23a animated-slow elementor-invisible elementor-widget elementor-widget-heading\" data-id=\"dfed23a\" data-element_type=\"widget\" data-e-type=\"widget\" data-settings=\"{&quot;_animation&quot;:&quot;fadeInUp&quot;}\" data-widget_type=\"heading.default\">\n\t\t\t\t<div class=\"elementor-widget-container\">\n\t\t\t\t\t<h1 class=\"elementor-heading-title elementor-size-default\">WE BUILD <br> TRUST<\/h1>\t\t\t\t<\/div>\n\t\t\t\t<\/div>\n\t\t\t\t<div class=\"elementor-element elementor-element-3d06e95 animated-slow elementor-align-start elementor-icon-list--layout-traditional elementor-list-item-link-full_width elementor-invisible elementor-widget elementor-widget-icon-list\" data-id=\"3d06e95\" data-element_type=\"widget\" data-e-type=\"widget\" data-settings=\"{&quot;_animation&quot;:&quot;fadeInUp&quot;}\" data-widget_type=\"icon-list.default\">\n\t\t\t\t<div class=\"elementor-widget-container\">\n\t\t\t\t\t\t\t<ul class=\"elementor-icon-list-items\">\n\t\t\t\t\t\t\t<li class=\"elementor-icon-list-item\">\n\t\t\t\t\t\t\t\t\t\t\t<span class=\"elementor-icon-list-icon\">\n\t\t\t\t\t\t\t<svg xmlns=\"http:\/\/www.w3.org\/2000\/svg\" xmlns:xlink=\"http:\/\/www.w3.org\/1999\/xlink\" id=\"Layer_1\" x=\"0px\" y=\"0px\" viewbox=\"0 0 24 24\" style=\"enable-background:new 0 0 24 24;\" xml:space=\"preserve\"><title>pin<\/title><g>\t<path d=\"M12,12.75c-2.481,0-4.5-2.019-4.5-4.5s2.019-4.5,4.5-4.5c2.481,0,4.5,2.019,4.5,4.5S14.481,12.75,12,12.75z M12,5.25   c-1.654,0-3,1.346-3,3s1.346,3,3,3c1.654,0,3-1.346,3-3S13.654,5.25,12,5.25z\"><\/path>\t<path d=\"M11.998,24.001c-0.294,0-0.58-0.087-0.827-0.25c-0.168-0.111-0.309-0.253-0.421-0.421   c-0.702-1.057-2.448-3.866-4.039-6.925C4.746,12.625,3.75,9.882,3.75,8.25C3.75,3.701,7.451,0,12,0s8.25,3.701,8.25,8.25   c0,1.631-0.996,4.375-2.961,8.155c-1.59,3.058-3.337,5.867-4.039,6.925c-0.221,0.334-0.56,0.562-0.952,0.641   C12.199,23.991,12.098,24.001,11.998,24.001z M12,1.5c-3.722,0-6.75,3.028-6.75,6.75c0,2.88,4.396,10.702,6.75,14.25   c2.354-3.548,6.75-11.371,6.75-14.25C18.75,4.529,15.722,1.5,12,1.5z\"><\/path><\/g><\/svg>\t\t\t\t\t\t<\/span>\n\t\t\t\t\t\t\t\t\t\t<span class=\"elementor-icon-list-text\">M\u00e9rida, Badajoz<\/span>\n\t\t\t\t\t\t\t\t\t<\/li>\n\t\t\t\t\t\t<\/ul>\n\t\t\t\t\t\t<\/div>\n\t\t\t\t<\/div>\n\t\t\t\t\t<\/div>\n\t\t<\/div>\n\t\t\t\t\t<\/div>\n\t\t<\/section>\n\t\t\t\t<section class=\"elementor-section elementor-top-section elementor-element elementor-element-53acdf7 elementor-section-boxed elementor-section-height-default elementor-section-height-default\" data-id=\"53acdf7\" data-element_type=\"section\" data-e-type=\"section\" data-settings=\"{&quot;background_background&quot;:&quot;classic&quot;}\">\n\t\t\t\t\t\t\t<div class=\"elementor-background-overlay\"><\/div>\n\t\t\t\t\t\t\t<div class=\"elementor-container elementor-column-gap-default\">\n\t\t\t\t\t<div class=\"elementor-column elementor-col-100 elementor-top-column elementor-element elementor-element-6ae930c\" data-id=\"6ae930c\" data-element_type=\"column\" data-e-type=\"column\">\n\t\t\t<div class=\"elementor-widget-wrap elementor-element-populated\">\n\t\t\t\t\t\t<div class=\"elementor-element elementor-element-5028fcb elementor-widget elementor-widget-spacer\" data-id=\"5028fcb\" data-element_type=\"widget\" data-e-type=\"widget\" data-widget_type=\"spacer.default\">\n\t\t\t\t<div class=\"elementor-widget-container\">\n\t\t\t\t\t\t\t<div class=\"elementor-spacer\">\n\t\t\t<div class=\"elementor-spacer-inner\"><\/div>\n\t\t<\/div>\n\t\t\t\t\t\t<\/div>\n\t\t\t\t<\/div>\n\t\t\t\t<section class=\"elementor-section elementor-inner-section elementor-element elementor-element-5d8d3a0 elementor-section-full_width elementor-section-content-middle elementor-section-height-default elementor-section-height-default\" data-id=\"5d8d3a0\" data-element_type=\"section\" data-e-type=\"section\">\n\t\t\t\t\t\t<div class=\"elementor-container elementor-column-gap-default\">\n\t\t\t\t\t<div class=\"elementor-column elementor-col-33 elementor-inner-column elementor-element elementor-element-6cf3b5e\" data-id=\"6cf3b5e\" data-element_type=\"column\" data-e-type=\"column\">\n\t\t\t<div class=\"elementor-widget-wrap elementor-element-populated\">\n\t\t\t\t\t\t<div class=\"elementor-element elementor-element-0898f61 animated-slow elementor-invisible elementor-widget elementor-widget-heading\" data-id=\"0898f61\" data-element_type=\"widget\" data-e-type=\"widget\" data-settings=\"{&quot;_animation&quot;:&quot;fadeInUp&quot;}\" data-widget_type=\"heading.default\">\n\t\t\t\t<div class=\"elementor-widget-container\">\n\t\t\t\t\t<div class=\"elementor-heading-title elementor-size-default\">Property developers<br> in Merida<\/div>\t\t\t\t<\/div>\n\t\t\t\t<\/div>\n\t\t\t\t<div class=\"elementor-element elementor-element-c6fd4ec animated-slow elementor-invisible elementor-widget elementor-widget-heading\" data-id=\"c6fd4ec\" data-element_type=\"widget\" data-e-type=\"widget\" data-settings=\"{&quot;_animation&quot;:&quot;fadeInUp&quot;}\" data-widget_type=\"heading.default\">\n\t\t\t\t<div class=\"elementor-widget-container\">\n\t\t\t\t\t<h2 class=\"elementor-heading-title elementor-size-default\">Partun: Redefining the standard of property development.<\/h2>\t\t\t\t<\/div>\n\t\t\t\t<\/div>\n\t\t\t\t<div class=\"elementor-element elementor-element-ce90436 animated-slow elementor-invisible elementor-widget elementor-widget-text-editor\" data-id=\"ce90436\" data-element_type=\"widget\" data-e-type=\"widget\" data-settings=\"{&quot;_animation&quot;:&quot;fadeInUp&quot;}\" data-widget_type=\"text-editor.default\">\n\t\t\t\t<div class=\"elementor-widget-container\">\n\t\t\t\t\t\t\t\t\t<p>PARTUN emerges as a\u00a0<strong><em>innovative organisation<\/em><\/strong>\u00a0in the world of real estate development, woven by the collaboration of three entrepreneurs: on the one hand, Luis Garc\u00eda Torremocha and Abrah\u00e1n Sauceda Porras, partners in this exciting story, contributing not only capital, but also the skills they have accumulated as successful entrepreneurs; on the other hand, \u00c1lvaro Paredes Fern\u00e1ndez, the company's administrator and business manager, with 13 years of experience guiding various family businesses. \u00c1lvaro brings with him a deep knowledge of property development and construction. Three pillars, a solid base for the success of PARTUN.<\/p>\t\t\t\t\t\t\t\t<\/div>\n\t\t\t\t<\/div>\n\t\t\t\t<div class=\"elementor-element elementor-element-abf7649 elementor-align-left animated-slow elementor-invisible elementor-widget elementor-widget-button\" data-id=\"abf7649\" data-element_type=\"widget\" data-e-type=\"widget\" data-settings=\"{&quot;_animation&quot;:&quot;fadeInUp&quot;}\" data-widget_type=\"button.default\">\n\t\t\t\t<div class=\"elementor-widget-container\">\n\t\t\t\t\t\t\t\t\t<div class=\"elementor-button-wrapper\">\n\t\t\t\t\t<a class=\"elementor-button elementor-button-link elementor-size-md\" href=\"#\">\n\t\t\t\t\t\t<span class=\"elementor-button-content-wrapper\">\n\t\t\t\t\t\t\t\t\t<span class=\"elementor-button-text\">Contact with us<\/span>\n\t\t\t\t\t<\/span>\n\t\t\t\t\t<\/a>\n\t\t\t\t<\/div>\n\t\t\t\t\t\t\t\t<\/div>\n\t\t\t\t<\/div>\n\t\t\t\t\t<\/div>\n\t\t<\/div>\n\t\t\t\t<div class=\"elementor-column elementor-col-33 elementor-inner-column elementor-element elementor-element-a50b483\" data-id=\"a50b483\" data-element_type=\"column\" data-e-type=\"column\">\n\t\t\t<div class=\"elementor-widget-wrap\">\n\t\t\t\t\t\t\t<\/div>\n\t\t<\/div>\n\t\t\t\t<div class=\"elementor-column elementor-col-33 elementor-inner-column elementor-element elementor-element-1cab243\" data-id=\"1cab243\" data-element_type=\"column\" data-e-type=\"column\">\n\t\t\t<div class=\"elementor-widget-wrap elementor-element-populated\">\n\t\t\t\t\t\t<div class=\"elementor-element elementor-element-b486aba elementor-invisible elementor-widget elementor-widget-image\" data-id=\"b486aba\" data-element_type=\"widget\" data-e-type=\"widget\" data-settings=\"{&quot;_animation&quot;:&quot;fadeInRight&quot;}\" data-widget_type=\"image.default\">\n\t\t\t\t<div class=\"elementor-widget-container\">\n\t\t\t\t\t\t\t\t\t\t\t\t\t\t\t<img fetchpriority=\"high\" decoding=\"async\" width=\"1024\" height=\"819\" src=\"https:\/\/partunrealestate.es\/wp-content\/uploads\/2024\/09\/Terraza_Partun-1024x819.jpg\" class=\"attachment-large size-large wp-image-3102\" alt=\"\" srcset=\"https:\/\/partunrealestate.es\/wp-content\/uploads\/2024\/09\/Terraza_Partun-1024x819.jpg 1024w, https:\/\/partunrealestate.es\/wp-content\/uploads\/2024\/09\/Terraza_Partun-300x240.jpg 300w, https:\/\/partunrealestate.es\/wp-content\/uploads\/2024\/09\/Terraza_Partun-768x614.jpg 768w, https:\/\/partunrealestate.es\/wp-content\/uploads\/2024\/09\/Terraza_Partun-1536x1229.jpg 1536w, https:\/\/partunrealestate.es\/wp-content\/uploads\/2024\/09\/Terraza_Partun-2048x1638.jpg 2048w, https:\/\/partunrealestate.es\/wp-content\/uploads\/2024\/09\/Terraza_Partun-15x12.jpg 15w, https:\/\/partunrealestate.es\/wp-content\/uploads\/2024\/09\/Terraza_Partun-750x600.jpg 750w, https:\/\/partunrealestate.es\/wp-content\/uploads\/2024\/09\/Terraza_Partun-496x397.jpg 496w\" sizes=\"(max-width: 1024px) 100vw, 1024px\" \/>\t\t\t\t\t\t\t\t\t\t\t\t\t\t\t<\/div>\n\t\t\t\t<\/div>\n\t\t\t\t<div class=\"elementor-element elementor-element-b932ba5 elementor-absolute elementor-invisible elementor-widget elementor-widget-image\" data-id=\"b932ba5\" data-element_type=\"widget\" data-e-type=\"widget\" data-settings=\"{&quot;_animation&quot;:&quot;fadeInRight&quot;,&quot;_position&quot;:&quot;absolute&quot;}\" data-widget_type=\"image.default\">\n\t\t\t\t<div class=\"elementor-widget-container\">\n\t\t\t\t\t\t\t\t\t\t\t\t\t\t\t<img decoding=\"async\" src=\"https:\/\/partunrealestate.es\/wp-content\/uploads\/elementor\/thumbs\/pareja_en_casa-qumv7mf1wi7motp69fx4fh6i3vibscko5j6betcwbk.jpg\" title=\"couple_at_home\" alt=\"pareja_en_casa\" loading=\"lazy\" \/>\t\t\t\t\t\t\t\t\t\t\t\t\t\t\t<\/div>\n\t\t\t\t<\/div>\n\t\t\t\t\t<\/div>\n\t\t<\/div>\n\t\t\t\t\t<\/div>\n\t\t<\/section>\n\t\t\t\t<div class=\"elementor-element elementor-element-5517e5e elementor-widget elementor-widget-spacer\" data-id=\"5517e5e\" data-element_type=\"widget\" data-e-type=\"widget\" data-widget_type=\"spacer.default\">\n\t\t\t\t<div class=\"elementor-widget-container\">\n\t\t\t\t\t\t\t<div class=\"elementor-spacer\">\n\t\t\t<div class=\"elementor-spacer-inner\"><\/div>\n\t\t<\/div>\n\t\t\t\t\t\t<\/div>\n\t\t\t\t<\/div>\n\t\t\t\t<section class=\"elementor-section elementor-inner-section elementor-element elementor-element-02d7589 elementor-section-full_width elementor-section-content-middle elementor-reverse-tablet elementor-reverse-mobile elementor-section-height-default elementor-section-height-default\" data-id=\"02d7589\" data-element_type=\"section\" data-e-type=\"section\">\n\t\t\t\t\t\t<div class=\"elementor-container elementor-column-gap-default\">\n\t\t\t\t\t<div class=\"elementor-column elementor-col-33 elementor-inner-column elementor-element elementor-element-c51f6d7\" data-id=\"c51f6d7\" data-element_type=\"column\" data-e-type=\"column\">\n\t\t\t<div class=\"elementor-widget-wrap elementor-element-populated\">\n\t\t\t\t\t\t<div class=\"elementor-element elementor-element-04debea elementor-invisible elementor-widget elementor-widget-image\" data-id=\"04debea\" data-element_type=\"widget\" data-e-type=\"widget\" data-settings=\"{&quot;_animation&quot;:&quot;fadeInLeft&quot;}\" data-widget_type=\"image.default\">\n\t\t\t\t<div class=\"elementor-widget-container\">\n\t\t\t\t\t\t\t\t\t\t\t\t\t\t\t<img decoding=\"async\" width=\"1024\" height=\"673\" src=\"https:\/\/partunrealestate.es\/wp-content\/uploads\/2024\/09\/edificio_partun-1024x673.jpg\" class=\"attachment-large size-large wp-image-3106\" alt=\"\" srcset=\"https:\/\/partunrealestate.es\/wp-content\/uploads\/2024\/09\/edificio_partun-1024x673.jpg 1024w, https:\/\/partunrealestate.es\/wp-content\/uploads\/2024\/09\/edificio_partun-300x197.jpg 300w, https:\/\/partunrealestate.es\/wp-content\/uploads\/2024\/09\/edificio_partun-768x505.jpg 768w, https:\/\/partunrealestate.es\/wp-content\/uploads\/2024\/09\/edificio_partun-1536x1010.jpg 1536w, https:\/\/partunrealestate.es\/wp-content\/uploads\/2024\/09\/edificio_partun-2048x1347.jpg 2048w, https:\/\/partunrealestate.es\/wp-content\/uploads\/2024\/09\/edificio_partun-18x12.jpg 18w, https:\/\/partunrealestate.es\/wp-content\/uploads\/2024\/09\/edificio_partun-912x600.jpg 912w, https:\/\/partunrealestate.es\/wp-content\/uploads\/2024\/09\/edificio_partun-496x326.jpg 496w\" sizes=\"(max-width: 1024px) 100vw, 1024px\" \/>\t\t\t\t\t\t\t\t\t\t\t\t\t\t\t<\/div>\n\t\t\t\t<\/div>\n\t\t\t\t<div class=\"elementor-element elementor-element-7e9eeae elementor-absolute elementor-invisible elementor-widget elementor-widget-image\" data-id=\"7e9eeae\" data-element_type=\"widget\" data-e-type=\"widget\" data-settings=\"{&quot;_animation&quot;:&quot;fadeInLeft&quot;,&quot;_position&quot;:&quot;absolute&quot;}\" data-widget_type=\"image.default\">\n\t\t\t\t<div class=\"elementor-widget-container\">\n\t\t\t\t\t\t\t\t\t\t\t\t\t\t\t<img decoding=\"async\" src=\"https:\/\/partunrealestate.es\/wp-content\/uploads\/elementor\/thumbs\/obra_partun-qumva8ewvxsaxtwn0kjtctglien162xtugevehhj1c.jpg\" title=\"work_partun\" alt=\"obra_partun\" loading=\"lazy\" \/>\t\t\t\t\t\t\t\t\t\t\t\t\t\t\t<\/div>\n\t\t\t\t<\/div>\n\t\t\t\t\t<\/div>\n\t\t<\/div>\n\t\t\t\t<div class=\"elementor-column elementor-col-33 elementor-inner-column elementor-element elementor-element-243ff1d\" data-id=\"243ff1d\" data-element_type=\"column\" data-e-type=\"column\">\n\t\t\t<div class=\"elementor-widget-wrap\">\n\t\t\t\t\t\t\t<\/div>\n\t\t<\/div>\n\t\t\t\t<div class=\"elementor-column elementor-col-33 elementor-inner-column elementor-element elementor-element-2c8262f\" data-id=\"2c8262f\" data-element_type=\"column\" data-e-type=\"column\">\n\t\t\t<div class=\"elementor-widget-wrap elementor-element-populated\">\n\t\t\t\t\t\t<div class=\"elementor-element elementor-element-1a6f33c animated-slow elementor-invisible elementor-widget elementor-widget-heading\" data-id=\"1a6f33c\" data-element_type=\"widget\" data-e-type=\"widget\" data-settings=\"{&quot;_animation&quot;:&quot;fadeInUp&quot;}\" data-widget_type=\"heading.default\">\n\t\t\t\t<div class=\"elementor-widget-container\">\n\t\t\t\t\t<div class=\"elementor-heading-title elementor-size-default\">It defines us<\/div>\t\t\t\t<\/div>\n\t\t\t\t<\/div>\n\t\t\t\t<div class=\"elementor-element elementor-element-65ccbb0 animated-slow elementor-invisible elementor-widget elementor-widget-heading\" data-id=\"65ccbb0\" data-element_type=\"widget\" data-e-type=\"widget\" data-settings=\"{&quot;_animation&quot;:&quot;fadeInUp&quot;}\" data-widget_type=\"heading.default\">\n\t\t\t\t<div class=\"elementor-widget-container\">\n\t\t\t\t\t<h2 class=\"elementor-heading-title elementor-size-default\">Business Excellence Award<\/h2>\t\t\t\t<\/div>\n\t\t\t\t<\/div>\n\t\t\t\t<div class=\"elementor-element elementor-element-2d68a06 animated-slow elementor-invisible elementor-widget elementor-widget-text-editor\" data-id=\"2d68a06\" data-element_type=\"widget\" data-e-type=\"widget\" data-settings=\"{&quot;_animation&quot;:&quot;fadeInUp&quot;}\" data-widget_type=\"text-editor.default\">\n\t\t\t\t<div class=\"elementor-widget-container\">\n\t\t\t\t\t\t\t\t\t<p>In 2018,\u00a0<strong>PARTUN<\/strong>\u00a0takes the\u00a0<em>Business Excellence Award<\/em>\u00a0by the Junta de Extremadura, a milestone that underlines our work as entrepreneurs.<\/p>\t\t\t\t\t\t\t\t<\/div>\n\t\t\t\t<\/div>\n\t\t\t\t<div class=\"elementor-element elementor-element-68c6156 elementor-align-left animated-slow elementor-invisible elementor-widget elementor-widget-button\" data-id=\"68c6156\" data-element_type=\"widget\" data-e-type=\"widget\" data-settings=\"{&quot;_animation&quot;:&quot;fadeInUp&quot;}\" data-widget_type=\"button.default\">\n\t\t\t\t<div class=\"elementor-widget-container\">\n\t\t\t\t\t\t\t\t\t<div class=\"elementor-button-wrapper\">\n\t\t\t\t\t<a class=\"elementor-button elementor-button-link elementor-size-md\" href=\"#\">\n\t\t\t\t\t\t<span class=\"elementor-button-content-wrapper\">\n\t\t\t\t\t\t\t\t\t<span class=\"elementor-button-text\">Our Promotions<\/span>\n\t\t\t\t\t<\/span>\n\t\t\t\t\t<\/a>\n\t\t\t\t<\/div>\n\t\t\t\t\t\t\t\t<\/div>\n\t\t\t\t<\/div>\n\t\t\t\t\t<\/div>\n\t\t<\/div>\n\t\t\t\t\t<\/div>\n\t\t<\/section>\n\t\t\t\t<div class=\"elementor-element elementor-element-47bb2b7 elementor-widget elementor-widget-spacer\" data-id=\"47bb2b7\" data-element_type=\"widget\" data-e-type=\"widget\" data-widget_type=\"spacer.default\">\n\t\t\t\t<div class=\"elementor-widget-container\">\n\t\t\t\t\t\t\t<div class=\"elementor-spacer\">\n\t\t\t<div class=\"elementor-spacer-inner\"><\/div>\n\t\t<\/div>\n\t\t\t\t\t\t<\/div>\n\t\t\t\t<\/div>\n\t\t\t\t<section class=\"elementor-section elementor-inner-section elementor-element elementor-element-cc23427 elementor-section-full_width elementor-section-content-middle elementor-section-height-default elementor-section-height-default\" data-id=\"cc23427\" data-element_type=\"section\" data-e-type=\"section\">\n\t\t\t\t\t\t<div class=\"elementor-container elementor-column-gap-default\">\n\t\t\t\t\t<div class=\"elementor-column elementor-col-33 elementor-inner-column elementor-element elementor-element-bc47d9d\" data-id=\"bc47d9d\" data-element_type=\"column\" data-e-type=\"column\">\n\t\t\t<div class=\"elementor-widget-wrap elementor-element-populated\">\n\t\t\t\t\t\t<div class=\"elementor-element elementor-element-25d5fcc animated-slow elementor-invisible elementor-widget elementor-widget-heading\" data-id=\"25d5fcc\" data-element_type=\"widget\" data-e-type=\"widget\" data-settings=\"{&quot;_animation&quot;:&quot;fadeInUp&quot;}\" data-widget_type=\"heading.default\">\n\t\t\t\t<div class=\"elementor-widget-container\">\n\t\t\t\t\t<div class=\"elementor-heading-title elementor-size-default\">commitments<\/div>\t\t\t\t<\/div>\n\t\t\t\t<\/div>\n\t\t\t\t<div class=\"elementor-element elementor-element-52d7a1a animated-slow elementor-invisible elementor-widget elementor-widget-heading\" data-id=\"52d7a1a\" data-element_type=\"widget\" data-e-type=\"widget\" data-settings=\"{&quot;_animation&quot;:&quot;fadeInUp&quot;}\" data-widget_type=\"heading.default\">\n\t\t\t\t<div class=\"elementor-widget-container\">\n\t\t\t\t\t<h2 class=\"elementor-heading-title elementor-size-default\">Our Essence<\/h2>\t\t\t\t<\/div>\n\t\t\t\t<\/div>\n\t\t\t\t<div class=\"elementor-element elementor-element-b2b823f animated-slow elementor-invisible elementor-widget elementor-widget-text-editor\" data-id=\"b2b823f\" data-element_type=\"widget\" data-e-type=\"widget\" data-settings=\"{&quot;_animation&quot;:&quot;fadeInUp&quot;}\" data-widget_type=\"text-editor.default\">\n\t\t\t\t<div class=\"elementor-widget-container\">\n\t\t\t\t\t\t\t\t\t<p>The essence of PARTUN is based on our faithful adherence to the\u00a0<strong><em class=\"\">commitments made to our customers<\/em><\/strong>We are proud of the extensive experience of its founder Luis Paredes Garc\u00eda, as well as the professionalism, seriousness and human quality of all its members.<\/p>\t\t\t\t\t\t\t\t<\/div>\n\t\t\t\t<\/div>\n\t\t\t\t<div class=\"elementor-element elementor-element-bd65dd6 elementor-align-left animated-slow elementor-invisible elementor-widget elementor-widget-button\" data-id=\"bd65dd6\" data-element_type=\"widget\" data-e-type=\"widget\" data-settings=\"{&quot;_animation&quot;:&quot;fadeInUp&quot;}\" data-widget_type=\"button.default\">\n\t\t\t\t<div class=\"elementor-widget-container\">\n\t\t\t\t\t\t\t\t\t<div class=\"elementor-button-wrapper\">\n\t\t\t\t\t<a class=\"elementor-button elementor-button-link elementor-size-md\" href=\"#\">\n\t\t\t\t\t\t<span class=\"elementor-button-content-wrapper\">\n\t\t\t\t\t\t\t\t\t<span class=\"elementor-button-text\">Home<\/span>\n\t\t\t\t\t<\/span>\n\t\t\t\t\t<\/a>\n\t\t\t\t<\/div>\n\t\t\t\t\t\t\t\t<\/div>\n\t\t\t\t<\/div>\n\t\t\t\t\t<\/div>\n\t\t<\/div>\n\t\t\t\t<div class=\"elementor-column elementor-col-33 elementor-inner-column elementor-element elementor-element-76da0e3\" data-id=\"76da0e3\" data-element_type=\"column\" data-e-type=\"column\">\n\t\t\t<div class=\"elementor-widget-wrap\">\n\t\t\t\t\t\t\t<\/div>\n\t\t<\/div>\n\t\t\t\t<div class=\"elementor-column elementor-col-33 elementor-inner-column elementor-element elementor-element-bbaa6bf\" data-id=\"bbaa6bf\" data-element_type=\"column\" data-e-type=\"column\">\n\t\t\t<div class=\"elementor-widget-wrap elementor-element-populated\">\n\t\t\t\t\t\t<div class=\"elementor-element elementor-element-1dcaa61 elementor-invisible elementor-widget elementor-widget-image\" data-id=\"1dcaa61\" data-element_type=\"widget\" data-e-type=\"widget\" data-settings=\"{&quot;_animation&quot;:&quot;fadeInRight&quot;}\" data-widget_type=\"image.default\">\n\t\t\t\t<div class=\"elementor-widget-container\">\n\t\t\t\t\t\t\t\t\t\t\t\t\t\t\t<img decoding=\"async\" src=\"https:\/\/partunrealestate.es\/wp-content\/uploads\/elementor\/thumbs\/jardin_partun-qumuzoo7zp4d1ddpno0wy9vmr8lx12itkytll1gecg.jpg\" title=\"jardin_partun\" alt=\"jardin_partun\" loading=\"lazy\" \/>\t\t\t\t\t\t\t\t\t\t\t\t\t\t\t<\/div>\n\t\t\t\t<\/div>\n\t\t\t\t<div class=\"elementor-element elementor-element-612621f elementor-absolute elementor-invisible elementor-widget elementor-widget-image\" data-id=\"612621f\" data-element_type=\"widget\" data-e-type=\"widget\" data-settings=\"{&quot;_animation&quot;:&quot;fadeInRight&quot;,&quot;_position&quot;:&quot;absolute&quot;}\" data-widget_type=\"image.default\">\n\t\t\t\t<div class=\"elementor-widget-container\">\n\t\t\t\t\t\t\t\t\t\t\t\t\t\t\t<img decoding=\"async\" src=\"https:\/\/partunrealestate.es\/wp-content\/uploads\/elementor\/thumbs\/chica_partun-qumvdbbvae04ztfj0whsj1gzlvgced65lpe614x2n4.jpg\" title=\"partun_girl\" alt=\"chica_partun\" loading=\"lazy\" \/>\t\t\t\t\t\t\t\t\t\t\t\t\t\t\t<\/div>\n\t\t\t\t<\/div>\n\t\t\t\t\t<\/div>\n\t\t<\/div>\n\t\t\t\t\t<\/div>\n\t\t<\/section>\n\t\t\t\t<div class=\"elementor-element elementor-element-f566365 elementor-widget elementor-widget-spacer\" data-id=\"f566365\" data-element_type=\"widget\" data-e-type=\"widget\" data-widget_type=\"spacer.default\">\n\t\t\t\t<div class=\"elementor-widget-container\">\n\t\t\t\t\t\t\t<div class=\"elementor-spacer\">\n\t\t\t<div class=\"elementor-spacer-inner\"><\/div>\n\t\t<\/div>\n\t\t\t\t\t\t<\/div>\n\t\t\t\t<\/div>\n\t\t\t\t\t<\/div>\n\t\t<\/div>\n\t\t\t\t\t<\/div>\n\t\t<\/section>\n\t\t\t\t<\/div>","protected":false},"excerpt":{"rendered":"<p>PARTUN CONSTRUIMOS CONFIANZA pin M\u00e9rida, Badajoz Promotores inmobiliarios en M\u00e9rida Partun: Redefiniendo el est\u00e1ndar de promociones inmobiliarias. PARTUN emerge como una\u00a0entidad innovadora\u00a0en el mundo de las promociones inmobiliarias, tejida por la colaboraci\u00f3n de tres empresarios: por un lado, Luis Garc\u00eda Torremocha y Abrah\u00e1n Sauceda Porras, socios de esta apasionante historia, aportando no solo capital, sino [&hellip;]<\/p>\n","protected":false},"author":1,"featured_media":0,"parent":0,"menu_order":0,"comment_status":"closed","ping_status":"closed","template":"elementor_header_footer","meta":{"footnotes":""},"class_list":["post-237","page","type-page","status-publish","hentry"],"_links":{"self":[{"href":"https:\/\/partunrealestate.es\/en\/wp-json\/wp\/v2\/pages\/237","targetHints":{"allow":["GET"]}}],"collection":[{"href":"https:\/\/partunrealestate.es\/en\/wp-json\/wp\/v2\/pages"}],"about":[{"href":"https:\/\/partunrealestate.es\/en\/wp-json\/wp\/v2\/types\/page"}],"author":[{"embeddable":true,"href":"https:\/\/partunrealestate.es\/en\/wp-json\/wp\/v2\/users\/1"}],"replies":[{"embeddable":true,"href":"https:\/\/partunrealestate.es\/en\/wp-json\/wp\/v2\/comments?post=237"}],"version-history":[{"count":22,"href":"https:\/\/partunrealestate.es\/en\/wp-json\/wp\/v2\/pages\/237\/revisions"}],"predecessor-version":[{"id":3318,"href":"https:\/\/partunrealestate.es\/en\/wp-json\/wp\/v2\/pages\/237\/revisions\/3318"}],"wp:attachment":[{"href":"https:\/\/partunrealestate.es\/en\/wp-json\/wp\/v2\/media?parent=237"}],"curies":[{"name":"wp","href":"https:\/\/api.w.org\/{rel}","templated":true}]}}